{"id":100,"date":"2025-02-24T14:43:00","date_gmt":"2025-02-24T14:43:00","guid":{"rendered":"https:\/\/seniorconsult.dk\/?page_id=100"},"modified":"2025-03-06T08:55:14","modified_gmt":"2025-03-06T08:55:14","slug":"excel","status":"publish","type":"page","link":"https:\/\/seniorconsult.dk\/?page_id=100","title":{"rendered":"Excel modelbygning"},"content":{"rendered":"\n<p>Har I behov for at f\u00e5 bygget en Excelmodel eller lavet Excelsimulering af data, s\u00e5 kan vi aftale modelomfang, og opgavetid. Kontakt da: <strong>support@seniorconsult.dk<\/strong><\/p>\n\n\n\n<p>_____________________________________________________________________<\/p>\n\n\n\n<p>Har man stor erfaring med Excel kan man ofte bygge endog meget komplicerede og avancerede modeller. <\/p>\n\n\n\n<p>De fleste der har skullet overtage en s\u00e5dan stor og kompliceret model, har dog ogs\u00e5 ofte oplevet, at det til tider n\u00e6rmest er umuligt, at skulle \u00e6ndre i modellen, da man ikke har overblik over modellens opbygning, og selv sm\u00e5 \u00e6ndringer kan tage enorm tid, da det kan v\u00e6re meget omfattende, at s\u00e6tte sig ind i formlernes opbygning.<\/p>\n\n\n\n<p>N\u00e5r man har at g\u00f8re med avancerede og store modeller, der forventes at have en lang levetid, og m\u00e5ske skal benyttes af andre i fremtiden, er det derfor forslaget her, at s\u00e5danne modeller i h\u00f8jere grad valideres og dokumenteres, samt at selve modelopbygningen bliver opbygget s\u00e5ledes, at modellen bliver langt mere gennemsigtig.<\/p>\n\n\n\n<p>Selve logikken, der beskrives i PDF filen (skrevet p\u00e5 engelsk), der kan l\u00e6ses nederst p\u00e5 denne side er angivet i f\u00f8lgende figur:<\/p>\n\n\n\n<figure class=\"wp-block-image size-large\"><img loading=\"lazy\" decoding=\"async\" width=\"1024\" height=\"577\" src=\"https:\/\/seniorconsult.dk\/wp-content\/uploads\/2025\/03\/image-1024x577.png\" alt=\"\" class=\"wp-image-206\" srcset=\"https:\/\/seniorconsult.dk\/wp-content\/uploads\/2025\/03\/image-1024x577.png 1024w, https:\/\/seniorconsult.dk\/wp-content\/uploads\/2025\/03\/image-300x169.png 300w, https:\/\/seniorconsult.dk\/wp-content\/uploads\/2025\/03\/image-768x433.png 768w, https:\/\/seniorconsult.dk\/wp-content\/uploads\/2025\/03\/image-500x282.png 500w, https:\/\/seniorconsult.dk\/wp-content\/uploads\/2025\/03\/image.png 1140w\" sizes=\"auto, (max-width: 1024px) 100vw, 1024px\" \/><\/figure>\n\n\n\n<p>PDF filen beskriver den &#8220;ultimative&#8221; opbygning, hvor alle elementer tages i brug, samt en masse &#8220;best practice&#8221; beskrivelser.<\/p>\n\n\n\n<p>I sin ultimative opbygning, opdeles modellen, s\u00e5ledes at der er 6 sheets som hver kun indeholder det som hvert sheet er tilt\u00e6nkt:<\/p>\n\n\n\n<ul class=\"wp-block-list\">\n<li>Parametre (input der er statiske \/ samme igennem hele modellen, eksempelvis \u00e5r, eller dato)<\/li>\n\n\n\n<li>Inputvariable (alle input data til modellen)<\/li>\n\n\n\n<li>Model (alle formler der beregner, og \u00e6ndrer inputdata og\/eller parameter input)<\/li>\n\n\n\n<li>Pr\u00e6sentation (Layout af det samlede output \/ pr\u00e6sentation \/ rapport af modellen)<\/li>\n\n\n\n<li>Validering (tjek af at alle beregninger er korrekte, og at alle tal der skal stemme p\u00e5 kryds og tv\u00e6rs er korrekte)<\/li>\n\n\n\n<li>Dokumentation (yderligere dokumentation med visuel og verbal beskrivelse af samlet system)<\/li>\n<\/ul>\n\n\n\n<p>Som det fremg\u00e5r af PDF filens sidste afsnit, er beskrivelsen t\u00e6nkt som en vejledning og best practice i sin ultimative form, men skal naturligvis tilpasses efter behov, og er afh\u00e6ngig af hvor stor og omfattende modellen er.<\/p>\n\n\n\n<p>Man kan tage de r\u00e5d og forslag der giver mening, og g\u00e5 p\u00e5 kompromis hvor man ikke mener, at det giver mening, at g\u00e5 efter den &#8220;store model&#8221;.<\/p>\n\n\n\n<p>Bem\u00e6rk: <strong>I forhold til hj\u00e6lp til Excelmodelbygning aftaler vi ved opgavens indg\u00e5else, hvilken grad af dokumentation I \u00f8nsker at modellen skal have.<\/strong><\/p>\n\n\n\n<p><strong>Link til PDF fil:<\/strong><\/p>\n\n\n\n<p class=\"has-text-align-center\"><a href=\"https:\/\/seniorconsult.dk\/wp-content\/uploads\/2025\/03\/Build-and-document-spreadsheets.pdf\">Build and document spreadsheets.pdf<\/a><\/p>\n","protected":false},"excerpt":{"rendered":"<p>Har I behov for at f\u00e5 bygget en Excelmodel eller lavet Excelsimulering af data, s\u00e5 kan vi aftale modelomfang, og opgavetid. Kontakt da: support@seniorconsult.dk _____________________________________________________________________ Har man stor erfaring med Excel kan man ofte bygge endog meget komplicerede og avancerede &hellip; <a href=\"https:\/\/seniorconsult.dk\/?page_id=100\">L\u00e6s resten <span class=\"meta-nav\">&rarr;<\/span><\/a><\/p>\n","protected":false},"author":1,"featured_media":0,"parent":0,"menu_order":0,"comment_status":"closed","ping_status":"closed","template":"","meta":{"footnotes":""},"class_list":["post-100","page","type-page","status-publish","hentry"],"jetpack_sharing_enabled":true,"_links":{"self":[{"href":"https:\/\/seniorconsult.dk\/index.php?rest_route=\/wp\/v2\/pages\/100","targetHints":{"allow":["GET"]}}],"collection":[{"href":"https:\/\/seniorconsult.dk\/index.php?rest_route=\/wp\/v2\/pages"}],"about":[{"href":"https:\/\/seniorconsult.dk\/index.php?rest_route=\/wp\/v2\/types\/page"}],"author":[{"embeddable":true,"href":"https:\/\/seniorconsult.dk\/index.php?rest_route=\/wp\/v2\/users\/1"}],"replies":[{"embeddable":true,"href":"https:\/\/seniorconsult.dk\/index.php?rest_route=%2Fwp%2Fv2%2Fcomments&post=100"}],"version-history":[{"count":6,"href":"https:\/\/seniorconsult.dk\/index.php?rest_route=\/wp\/v2\/pages\/100\/revisions"}],"predecessor-version":[{"id":242,"href":"https:\/\/seniorconsult.dk\/index.php?rest_route=\/wp\/v2\/pages\/100\/revisions\/242"}],"wp:attachment":[{"href":"https:\/\/seniorconsult.dk\/index.php?rest_route=%2Fwp%2Fv2%2Fmedia&parent=100"}],"curies":[{"name":"wp","href":"https:\/\/api.w.org\/{rel}","templated":true}]}}