{"id":157,"date":"2025-02-27T13:31:37","date_gmt":"2025-02-27T13:31:37","guid":{"rendered":"https:\/\/seniorconsult.dk\/?page_id=157"},"modified":"2025-03-06T11:04:54","modified_gmt":"2025-03-06T11:04:54","slug":"iso-kurser","status":"publish","type":"page","link":"https:\/\/seniorconsult.dk\/?page_id=157","title":{"rendered":"ISO Kurser"},"content":{"rendered":"\n<p><span style=\"text-decoration: underline;\"><em>Nedenfor beskrives 3 tilbudte kurser kurser:<\/em><\/span><\/p>\n\n\n\n<p><span style=\"text-decoration: underline;\"><strong>Kursus i Intern Audit &#8211; ISO 9001:<\/strong><\/span><\/p>\n\n\n\n<figure class=\"wp-block-image size-full is-resized\"><img loading=\"lazy\" decoding=\"async\" width=\"602\" height=\"316\" src=\"https:\/\/seniorconsult.dk\/wp-content\/uploads\/2025\/02\/image-5.png\" alt=\"\" class=\"wp-image-160\" style=\"width:276px;height:auto\" title=\"Intern audit\" srcset=\"https:\/\/seniorconsult.dk\/wp-content\/uploads\/2025\/02\/image-5.png 602w, https:\/\/seniorconsult.dk\/wp-content\/uploads\/2025\/02\/image-5-300x157.png 300w, https:\/\/seniorconsult.dk\/wp-content\/uploads\/2025\/02\/image-5-500x262.png 500w\" sizes=\"auto, (max-width: 602px) 100vw, 602px\" \/><\/figure>\n\n\n\n<p>Kursus af 1 dags varighed hos virksomheden indenfor eksempelvis ISO 9001, inklusive at kursusdeltagere (mellem 1-5 deltagere) afslutter med faciliteret live-audit i egen virksomhed, og udarbejder en auditrapport.<\/p>\n\n\n\n<p><span style=\"text-decoration: underline;\">Agenda er som f\u00f8lger:<\/span><\/p>\n\n\n\n<ul class=\"wp-block-list\">\n<li>Introduktion til deltagere og underviser<\/li>\n\n\n\n<li>ISO 9001, gennemgang af kravelementer fra punkt 4-10.<\/li>\n\n\n\n<li>Hvad siger ISO 9001 om interne audits<\/li>\n\n\n\n<li>Audit termer (fra ISO 9000:2015)<\/li>\n\n\n\n<li>Sp\u00f8rgemetoder og sp\u00f8rgeteknikker<\/li>\n\n\n\n<li>Auditprocessen og PDCA<\/li>\n\n\n\n<li>Auditrapportering samt afvigelser<\/li>\n\n\n\n<li>Faciliteret planl\u00e6gning, og live audit hos virksomheden<\/li>\n\n\n\n<li>Faciliteret udarbejdelse af auditrapport<\/li>\n\n\n\n<li>Afslutning<\/li>\n<\/ul>\n\n\n\n<p><em><span style=\"text-decoration: underline;\">Pris 9.995, ekskl. moms<\/span><\/em><\/p>\n\n\n\n<p>Kontakt: support@seniorconsult.dk<\/p>\n\n\n\n<p id=\"ISO9001ISO13485\"><span style=\"text-decoration: underline;\"><strong>Kursus i Intern Audit &#8211; ISO 9001 og ISO 13485:<\/strong><\/span><\/p>\n\n\n\n<p>Kursus af 2 dages varighed hos virksomheden indenfor eksempelvis ISO 9001, inklusive at kursusdeltagere (mellem 1-5 deltagere) afslutter med faciliteret live-audit i egen virksomhed, og udarbejder en auditrapport.<\/p>\n\n\n\n<p><span style=\"text-decoration: underline;\">Agenda er som f\u00f8lger:<\/span><\/p>\n\n\n\n<p><em><span style=\"text-decoration: underline;\">DAG 1:<\/span><\/em><\/p>\n\n\n\n<ul class=\"wp-block-list\">\n<li>Introduktion til deltagere og underviser<\/li>\n\n\n\n<li>ISO 9001, gennemgang af kravelementer fra punkt 4-10.<\/li>\n\n\n\n<li>ISO 13485, gennemgang af kravelementer fra punkt 4-8.<\/li>\n\n\n\n<li>Hvad siger ISO 9001 og ISO 13485 om interne audits<\/li>\n\n\n\n<li>Audit termer (fra ISO 9000:2015)<\/li>\n\n\n\n<li>Auditors rolle<\/li>\n<\/ul>\n\n\n\n<p><em><span style=\"text-decoration: underline;\">DAG 2:<\/span><\/em><\/p>\n\n\n\n<ul class=\"wp-block-list\">\n<li>Sp\u00f8rgemetoder og sp\u00f8rgeteknikker<\/li>\n\n\n\n<li>Auditprocessen<\/li>\n\n\n\n<li>Auditrapportering samt afvigelser<\/li>\n\n\n\n<li>Faciliteret planl\u00e6gning, og live audit hos virksomheden (*)<\/li>\n\n\n\n<li>Faciliteret udarbejdelse af auditrapport (*)<\/li>\n\n\n\n<li>Afslutning<\/li>\n<\/ul>\n\n\n\n<p>(*) Der regnes med et mere omfattende 3-4 timers forl\u00f8b med auditplanl\u00e6gning, audit gennemf\u00f8relse, og auditrapportering end p\u00e5 1. dags kursus.<\/p>\n\n\n\n<p><em><span style=\"text-decoration: underline;\">Pris 18.000, ekskl. moms<\/span><\/em><\/p>\n\n\n\n<p>Kontakt: support@seniorconsult.dk<\/p>\n\n\n\n<p><span style=\"text-decoration: underline;\"><strong>Kursus i afvigelsesh\u00e5ndtering og \u00e5rsagsanalyse (Root Course Analysis):<\/strong><\/span><\/p>\n\n\n\n<figure class=\"wp-block-image size-large\"><img loading=\"lazy\" decoding=\"async\" width=\"1024\" height=\"208\" src=\"https:\/\/seniorconsult.dk\/wp-content\/uploads\/2025\/03\/image-3-1024x208.png\" alt=\"\" class=\"wp-image-246\" srcset=\"https:\/\/seniorconsult.dk\/wp-content\/uploads\/2025\/03\/image-3-1024x208.png 1024w, https:\/\/seniorconsult.dk\/wp-content\/uploads\/2025\/03\/image-3-300x61.png 300w, https:\/\/seniorconsult.dk\/wp-content\/uploads\/2025\/03\/image-3-768x156.png 768w, https:\/\/seniorconsult.dk\/wp-content\/uploads\/2025\/03\/image-3-500x102.png 500w, https:\/\/seniorconsult.dk\/wp-content\/uploads\/2025\/03\/image-3.png 1245w\" sizes=\"auto, (max-width: 1024px) 100vw, 1024px\" \/><\/figure>\n\n\n\n<p>Kursus af 1 dags varighed hos virksomheden hvor vi gennemg\u00e5r kravene til ISO afvigelsesh\u00e5ndtering. Processen er generel for alle ledelsesstandarder, men vi tager her udgangspunkt i kravene fra ISO 9001, men gennemgangen er generisk. Mellem 1-5 deltagere.<\/p>\n\n\n\n<p><span style=\"text-decoration: underline;\">Agenda er som f\u00f8lger:<\/span><\/p>\n\n\n\n<div class=\"wp-block-group\"><div class=\"wp-block-group__inner-container is-layout-constrained wp-block-group-is-layout-constrained\">\n<ul class=\"wp-block-list\">\n<li>Introduktion til deltagere og underviser<\/li>\n\n\n\n<li>Introduktion til D8 processen<\/li>\n\n\n\n<li>Sammenh\u00e6ng mellem D8 og ISO systemkrav (med udgangspunkt i ISO 9001)<\/li>\n\n\n\n<li>Detaljeret gennemgang af hele procesforl\u00f8bet<\/li>\n\n\n\n<li>Introduktion til \u00e5rsagsanalyse vurdering og Root Course Analysis (RCA)<\/li>\n\n\n\n<li>Forskellige metoder til at finde grund\u00e5rsagen<\/li>\n\n\n\n<li>Detaljeret gennemgang af metoder<\/li>\n\n\n\n<li>Kort intro til andre analyse metoder indenfor probleml\u00f8sning<\/li>\n\n\n\n<li>Forsalg til detaljerede skabeloner til \u00e5rsagsanalyse<\/li>\n\n\n\n<li>\u00d8velse i \u00e5rsagsanalyse (evt. ogs\u00e5 eksempel fra virksomheden)<\/li>\n\n\n\n<li>Hvorledes f\u00e5r vi overblik \/ styring af den samlede proces<\/li>\n\n\n\n<li>Forskellige typer af overblik \/ sammenstillinger gennemg\u00e5s<\/li>\n\n\n\n<li>Afslutning<\/li>\n<\/ul>\n\n\n\n<p><em><span style=\"text-decoration: underline;\">Pris 9.995, ekskl. moms<\/span><\/em><\/p>\n\n\n\n<p>Kontakt: support@seniorconsult.dk<\/p>\n\n\n\n<p><\/p>\n<\/div><\/div>\n","protected":false},"excerpt":{"rendered":"<p>Nedenfor beskrives 3 tilbudte kurser kurser: Kursus i Intern Audit &#8211; ISO 9001: Kursus af 1 dags varighed hos virksomheden indenfor eksempelvis ISO 9001, inklusive at kursusdeltagere (mellem 1-5 deltagere) afslutter med faciliteret live-audit i egen virksomhed, og udarbejder en &hellip; <a href=\"https:\/\/seniorconsult.dk\/?page_id=157\">L\u00e6s resten <span class=\"meta-nav\">&rarr;<\/span><\/a><\/p>\n","protected":false},"author":1,"featured_media":0,"parent":0,"menu_order":0,"comment_status":"closed","ping_status":"closed","template":"","meta":{"footnotes":""},"class_list":["post-157","page","type-page","status-publish","hentry"],"jetpack_sharing_enabled":true,"_links":{"self":[{"href":"https:\/\/seniorconsult.dk\/index.php?rest_route=\/wp\/v2\/pages\/157","targetHints":{"allow":["GET"]}}],"collection":[{"href":"https:\/\/seniorconsult.dk\/index.php?rest_route=\/wp\/v2\/pages"}],"about":[{"href":"https:\/\/seniorconsult.dk\/index.php?rest_route=\/wp\/v2\/types\/page"}],"author":[{"embeddable":true,"href":"https:\/\/seniorconsult.dk\/index.php?rest_route=\/wp\/v2\/users\/1"}],"replies":[{"embeddable":true,"href":"https:\/\/seniorconsult.dk\/index.php?rest_route=%2Fwp%2Fv2%2Fcomments&post=157"}],"version-history":[{"count":8,"href":"https:\/\/seniorconsult.dk\/index.php?rest_route=\/wp\/v2\/pages\/157\/revisions"}],"predecessor-version":[{"id":247,"href":"https:\/\/seniorconsult.dk\/index.php?rest_route=\/wp\/v2\/pages\/157\/revisions\/247"}],"wp:attachment":[{"href":"https:\/\/seniorconsult.dk\/index.php?rest_route=%2Fwp%2Fv2%2Fmedia&parent=157"}],"curies":[{"name":"wp","href":"https:\/\/api.w.org\/{rel}","templated":true}]}}