{"id":2,"date":"2025-02-23T12:40:26","date_gmt":"2025-02-23T12:40:26","guid":{"rendered":"https:\/\/seniorconsult.dk\/?page_id=2"},"modified":"2025-03-06T08:43:12","modified_gmt":"2025-03-06T08:43:12","slug":"sample-page","status":"publish","type":"page","link":"https:\/\/seniorconsult.dk\/?page_id=2","title":{"rendered":"Controlling og analyse"},"content":{"rendered":"\n<p>Har I behov for hj\u00e6lp til rentabilitetsberegninger eller andre former for Controlling s\u00e5 kontakt: <strong>support@seniorconsult.dk<\/strong><\/p>\n\n\n\n<p><strong><span style=\"text-decoration: underline;\">RENTABILITETSBEREGNING OG OPERATIONALISERET PRISELASTICITET<\/span><\/strong><\/p>\n\n\n\n<p>F\u00f8lgende er en tilpasset artikel udgivet den 30. maj 2016, som jeg skrev da jeg var konsulentchef i firmaet Prophix. Artiklen hed: &#8220;Rentabilitet: Har jeg tjent eller tabt en million?&#8221;<\/p>\n\n\n\n<p>&#8212;&#8212;&#8212;&#8212;&#8212;&#8212;&#8212;&#8212;-<\/p>\n\n\n\n<p>Hvor meget tjener vi p\u00e5 vore produkter? Hvor meget tjener vi p\u00e5 vore kunder? Hvor rentable er vore forskellige vare- og kundegrupper egentlig? Der er mange sp\u00f8rgsm\u00e5l at besvare om rentabilitet.&nbsp;L\u00f8nsomheden er jo netop det, der viser, hvor god virksomheden er til at tjene penge.<\/p>\n\n\n\n<p>I denne artikel vil jeg gennemg\u00e5, hvordan vi kan vurdere rentabilitet p\u00e5 d\u00e6kningsbidrag-niveau. Jeg vil ogs\u00e5 se p\u00e5 rentabilitet med indregnede kapacitetsomkostninger i forhold til virksomhedens produkter og serviceydelser.<\/p>\n\n\n\n<p><strong>Rentabilitet p\u00e5 d\u00e6kningsbidrags-niveau<\/strong><\/p>\n\n\n\n<p>Regner du med at f\u00e5 et svar med 6 decimalers n\u00f8jagtighed, hvis du sp\u00f8rger Salgs- og Marketingdirekt\u00f8ren, hvad priselasticiteten er p\u00e5 en given vare?<\/p>\n\n\n\n<p>Hvilken beslutning vil du i \u00f8vrigt tr\u00e6ffe, hvis du mod al forventning fik et svar? Eksempelvis&nbsp; -0,943572?<\/p>\n\n\n\n<p>Stil et andet sp\u00f8rgsm\u00e5l i stedet.<\/p>\n\n\n\n<p>&#8220;Hvor mange procent vil oms\u00e6tningen falde, hvis vi h\u00e6ver prisen p\u00e5 varen\/varegruppen med 10%?\u201c<\/p>\n\n\n\n<p><strong>Maksimalt oms\u00e6tningsfald<\/strong><\/p>\n\n\n\n<p>Lad os med disse indledende sp\u00f8rgsm\u00e5l springe direkte ud i en formel, hvor DG er d\u00e6kningsgradsprocent, PS er prisstigningsprocent, og OR\/Max er den maksimale oms\u00e6tningsreduktion i procent, som eksisterende oms\u00e6tning kan reduceres med og stadig have samme d\u00e6kningsbidrag:<\/p>\n\n\n\n<figure class=\"wp-block-image size-full\"><img loading=\"lazy\" decoding=\"async\" width=\"210\" height=\"42\" src=\"https:\/\/seniorconsult.dk\/wp-content\/uploads\/2025\/02\/image-11.png\" alt=\"\" class=\"wp-image-188\"\/><\/figure>\n\n\n\n<p>OR\/Max er maksimal oms\u00e6tningsfaldsprocent under en given eksisterende d\u00e6kningsgrad med en given forventet prisstigning. Dette er alts\u00e5 en form for operationaliseret priselasticitet.<\/p>\n\n\n\n<p>Eksempelvis hvis man har en eksisterende DG=25% og lader priserne stige med 10%, vil formlen give f\u00f8lgende:<\/p>\n\n\n\n<figure class=\"wp-block-image size-full\"><img loading=\"lazy\" decoding=\"async\" width=\"263\" height=\"57\" src=\"https:\/\/seniorconsult.dk\/wp-content\/uploads\/2025\/02\/image-12.png\" alt=\"\" class=\"wp-image-189\"\/><\/figure>\n\n\n\n<p>Alts\u00e5 kan den eksisterende oms\u00e6tning falde med op til 21,43%, og virksomheden bibeholder h\u00f8jere eller samme d\u00e6kningsbidrag ved at h\u00e6ve prisen med 10%. Eller sagt p\u00e5 en anden m\u00e5de: S\u00e5 l\u00e6nge eksisterende oms\u00e6tning falder med mindre end 21,43%, vil virksomhedens direkte totale d\u00e6kningsbidrag stige.<\/p>\n\n\n\n<p><strong>Simulering af variable omkostninger og d\u00e6kningsbidrag<\/strong><\/p>\n\n\n\n<p>Med ovenst\u00e5ende formel f\u00e5r man et godt v\u00e6rkt\u00f8j til at overveje eller lave simulationer omkring rentabiliteten i forhold d\u00e6kningsbidraget p\u00e5 sine produkter eller produktgrupper. Samme teknik kan ogs\u00e5 tages i brug i forhold til enkeltkunder eller kundegrupper. At udregne et maksimalt fald for en enkelt vare, varegruppe, kunde eller kundegruppe er forholdsvis enkelt jf. ovenfor. Men n\u00e5r man inddrager multiple varegrupper og kundegrupper p\u00e5 samme tid, bliver det n\u00f8dvendigt at kunne lave simulationer af hvad-hvis scenarier med forskellige versioner. <\/p>\n\n\n\n<p><strong>Rentabilitet med indregnede kapacitetsomkostninger<\/strong><\/p>\n\n\n\n<p>\u00d8konomistyringsm\u00e6ssigt bliver det dog noget mere kompliceret, n\u00e5r vi ogs\u00e5 skal introducere virksomhedens kapacitetsomkostninger i forhold til virksomhedens rentabilitet.<\/p>\n\n\n\n<p>Vi foruds\u00e6tter her, at det er lettere at tr\u00e6ffe strategiske beslutninger, n\u00e5r man kender produkter og serviceydelsers tr\u00e6k p\u00e5 kapacitet og derved andel af kapacitetsomkostningerne. Specielt n\u00e5r virksomheden m\u00e5ske opererer med begr\u00e6nsninger af produkt- og servicemix i forhold til kapaciteten. Her er optimal kapacitetsudnyttelse af et givent mix afg\u00f8rende for virksomhedens samlede rentabilitet.<\/p>\n\n\n\n<p>I dette tilf\u00e6lde hvor man ogs\u00e5 \u00f8nsker at indregne kapacitetsomkostninger, er det n\u00f8dvendigt at allokere virksomhedens kapacitetsomkostninger til produkterne\/ydelserne, men dette vil blive beskrevet andetsteds omkring Activity Based Costing.<\/p>\n\n\n\n<p><strong><span style=\"text-decoration: underline;\">BEM\u00c6RK<\/span><\/strong> &#8211; Ang\u00e5ende indregnede kapacitetsomkostninger: <\/p>\n\n\n\n<p>S\u00e5 l\u00e6nge vi taler om \u00e6gte variable omkostninger &#8211; alts\u00e5 omkostninger der varierer i forhold til solgte stykantal, og ikke blot registreret kapacitet, hvilket som oftest ogs\u00e5 indbefatter l\u00f8n &#8211; vil formlen for OR\/Max v\u00e6re korrekt, og vil altid kunne give svar p\u00e5, om det kan betale sig, eksempelvis at h\u00e6ve prisen, og derved h\u00e6ve d\u00e6kningsbidraget s\u00e5 l\u00e6nge forventet oms\u00e6tningsfald er mindre end den beregnede OR\/Max. <\/p>\n\n\n\n<p>Dette er <span style=\"text-decoration: underline;\">ikke<\/span> tilf\u00e6ldet, n\u00e5r vi begynder at indregne kapacitetsomkostninger. Fordelte kapacitetsomkostninger er ikke som \u00e6gte variable omkostninger noget der &#8220;falder bort&#8221; hvis solgt m\u00e6ngde falder, s\u00e5 det er utrolig vigtigt, at man IKKE baserer sine beslutninger p\u00e5 formlen alene, hvis denne indeholder ikke-variable omkostninger (hvilket som sagt ofte ogs\u00e5 er fordelt l\u00f8n), hvor man <strong>skal v\u00e6re sikker p\u00e5, at man kan fjerne omkostningerne fra den fordelte kapacitet der indg\u00e5r i beregningerne, da formlen ellers ikke holder!<\/strong><\/p>\n\n\n\n<p><strong>Maksimalt kvantitets fald \u2013 KR\/Max<\/strong><\/p>\n\n\n\n<p>Alternativt i stedet for at beregne maksimalt oms\u00e6tningsfald, kan man udregne maksimalt fald i antal solgte styk \/ kvantitets fald \u201cKvantitets Reduktion Max\u201d, eller blot KR\/Max % (Hvor PS=Prisstignings% og DG=D\u00e6kningsgrad%):<\/p>\n\n\n\n<figure class=\"wp-block-image size-full\"><img loading=\"lazy\" decoding=\"async\" width=\"165\" height=\"53\" src=\"https:\/\/seniorconsult.dk\/wp-content\/uploads\/2025\/02\/image-14.png\" alt=\"\" class=\"wp-image-192\"\/><\/figure>\n\n\n\n<p>Ligeledes kan OR\/Max alternativt udregnes p\u00e5 basis af KR\/Max med f\u00f8lgende formel:<\/p>\n\n\n\n<figure class=\"wp-block-image size-full\"><img loading=\"lazy\" decoding=\"async\" width=\"180\" height=\"51\" src=\"https:\/\/seniorconsult.dk\/wp-content\/uploads\/2025\/02\/image-13.png\" alt=\"\" class=\"wp-image-190\"\/><\/figure>\n\n\n\n<p>Eksempel: Varegruppe har DG=10% og prisstigning p\u00e5 10%.<\/p>\n\n\n\n<p>KR\/Max=100*(10\/20) -&gt; KR\/Max = 50%. Hvis afsat m\u00e6ngde falder til det halve har man samme d\u00e6kningsbidrag.&nbsp;OR\/Max=50-(50*10\/100) -&gt; OR\/Max=45%. Hvis oms\u00e6tningen falder 45% har man samme d\u00e6kningsbidrag.<\/p>\n\n\n\n<figure class=\"wp-block-image size-full\"><img loading=\"lazy\" decoding=\"async\" width=\"165\" height=\"53\" src=\"https:\/\/seniorconsult.dk\/wp-content\/uploads\/2025\/02\/image-14.png\" alt=\"\" class=\"wp-image-193\"\/><\/figure>\n\n\n\n<p><strong>Afslutning<\/strong><\/p>\n\n\n\n<p>I ovenst\u00e5ende har vi set p\u00e5, hvorledes vi kan vurdere rentabilitet til og med d\u00e6kningsbidrag samt rentabiliteten med indregnede kapacitetsomkostninger (husk at l\u00e6se hva der st\u00e5r under Bem\u00e6rk for sidstn\u00e6vnte)  i forhold til virksomhedens produkter og serviceydelser. <\/p>\n\n\n\n<p><strong><span style=\"text-decoration: underline;\">ALLOKERING AF OMKOSTNINGER OG ACTIVITY BASED COSTING<\/span><\/strong><\/p>\n\n\n\n<p>F\u00f8lgende er en tilpasset artikel udgivet den 9. januar 2017, som jeg skrev da jeg var konsulentchef i firmaet Prophix. Artiklen hed: &#8220;S\u00e5dan allokerer du kapacitetsomkostninger, og f\u00e5r mere indsigt i l\u00f8nsomheden&#8221;<\/p>\n\n\n\n<p>&#8212;&#8212;&#8212;&#8212;&#8212;&#8212;&#8212;&#8212;<\/p>\n\n\n\n<p><strong><em>KAPACITETSOMKOSTNINGER:&nbsp;<\/em><\/strong>Hvorledes f\u00e5r vi st\u00f8rre indsigt i virksomhedens l\u00f8nsomhed med stigende andel af kapacitetsomkostninger og mindre og mindre d\u00e6kningsbidrag?<\/p>\n\n\n\n<p>I klassisk dansk og nordeurop\u00e6isk \u00f8konomistyrings-teori har man haft stor fokus p\u00e5 de variable stykomkostninger. L\u00e6reranstalterne, der underviser i virksomheds\u00f8konomistyring, har forst\u00e5eligt nok advaret mod at foretage \u201darbitr\u00e6re\u201d allokeringer af virksomhedens faste omkostninger til produkter og\/eller kunder.<\/p>\n\n\n\n<p>Som indgang til denne artikel skal det dog bem\u00e6rkes, at mange produktionsvirksomheder registrerer l\u00f8nomkostninger som \u201dvariable\u201d stykomkostninger, der bliver lagerf\u00f8rt \u2013 selvom l\u00f8nomkostninger p\u00e5 ingen m\u00e5de er variable, men er allokerede periodeomkostninger!<\/p>\n\n\n\n<p><strong>De forskellige aktiviteter<\/strong><\/p>\n\n\n\n<p>Allokeringen af l\u00f8n er aktivitetsbaseret, hvor man som oftest benytter medarbejdernes timeregistrering p\u00e5 produktionsordrer til at allokere timel\u00f8n til produkterne.<\/p>\n\n\n\n<p>Typisk er tidshorisonten den eneste forskel mellem timel\u00f8n og andre produktionskapacitetsomkostninger, hvormed man kan reducere omkostningen. Det er ogs\u00e5 en forholdsvis enkle m\u00e5de at opg\u00f8re \u201dden korrekte omkostning\u201d per tidsenhed.<\/p>\n\n\n\n<p>L\u00f8nomkostninger, der derved bliver \u201dallokeret\u201d til produkter, er at betragte som en allokering af kapacitetsperiodeomkostninger. Den enkelte medarbejders m\u00e5nedsl\u00f8n varierer typisk ikke med m\u00e6ngden (ud over en eventuelt forholdsvis lille andel, der kan v\u00e6re m\u00e6ngde-bonusrelateret).<\/p>\n\n\n\n<p>I takt med, at virksomhederne fors\u00f8ger at effektivisere samt reducere stykomkostningerne (ofte ved st\u00f8rre investeringer) bliver en stadig st\u00f8rre m\u00e6ngde af de samlede omkostninger kategoriseret som kapacitetsomkostninger.<\/p>\n\n\n\n<p>Ikke desto mindre kan en r\u00e6kke aktiviteter, som virksomheden udf\u00f8rer, og som er kategoriseret som kapacitet (inklusive l\u00f8n), direkte henf\u00f8res til stykrelateret produktion og salg. Dette g\u00e6lder b\u00e5de produktionsomkostninger, men ogs\u00e5 en r\u00e6kke salgs- marketing (inkl. kundeservice) og administrative omkostninger (fakturering, debitorh\u00e5ndtering, etc.).<\/p>\n\n\n\n<p>De direkte variable stykomkostninger bliver registreret p\u00e5 produkterne via disses direkte tr\u00e6k (materialeomkostning lagt p\u00e5 lager, og med evt. allokeret l\u00f8n ogs\u00e5 lagt p\u00e5 lager for mellem- og slutvarer).<\/p>\n\n\n\n<p><strong>Den traditionelle ABC-model<\/strong><\/p>\n\n\n\n<p>Den traditionelle ABC (Activity Based Costing) model foreskriver, at virksomheden analyserer p\u00e5 ensartede aktiviteters indirekte omkostninger og via aktivitetsm\u00e6ngden, der relaterer sig til omkostningsobjekterne (i dette eksempel styk), bliver de allokeret til disse objekter via aktivitetsm\u00e6ngden:<\/p>\n\n\n\n<p>Indirekte Ressourcer (omkostninger) -&gt; Aktivitetsm\u00e6ngde -&gt; Omkostningsobjekter<\/p>\n\n\n\n<p>Det er tvivlsomt, om diskussionen omkring omkostningsallokering nogensinde vil stoppe. Her foruds\u00e6tter vi, at viden omkring specifikke ressourcers omkostning og de relaterede aktiviteters omkostninger, og derved omkostningsobjekternes aktivitetstr\u00e6k p\u00e5 disse ressourcer, kan benyttes til strategiske beslutninger.<\/p>\n\n\n\n<p>Som det blev beskrevet tidligere, er en lang r\u00e6kke kapacitetsomkostninger ikke variable med stykm\u00e6ngden. Det er faste eller \u201espringvist faste\u201c, og definitionen af \u201dspringvist fast\u201d kan v\u00e6re forskellig fra kapacitetsgruppe til kapacitetsgruppe. Springet er typisk med en st\u00f8rre m\u00e6ngde \u00e6ndringer.<\/p>\n\n\n\n<p><strong>F\u00f8lg ikke tommelfingerregler blindt<\/strong><\/p>\n\n\n\n<p>Et v\u00e6sentligt strategisk sp\u00f8rgsm\u00e5l omkring de fordelte kapacitetsomkostninger er, om den givne kapacitet kan benyttes til andre form\u00e5l, som m\u00e5ske vil v\u00e6re mere rentable?<\/p>\n\n\n\n<p>En tommelfingerregel er jo, at s\u00e5 l\u00e6nge der er positivt d\u00e6kningsbidrag, tilf\u00f8jer varen v\u00e6rdi til d\u00e6kning af kapacitetsomkostningerne. Men denne regel kan ikke st\u00e5 alene, hvis virksomheden opererer under begr\u00e6nset kapacitet med valg af produktmiks.<\/p>\n\n\n\n<p>Det foruds\u00e6ttes derfor, at selvom vi gennemf\u00f8rer fordeling af ressourceomkostningerne, s\u00e5 benytter vi denne viden til at foretage strategiske valg.<\/p>\n\n\n\n<p>Vi skal v\u00e6re klar over omkostningernes natur i form af direkte variable stykomkostninger; dedikerede (til specifikke produkter\/ydelser) allokerede omkostninger; generelle ressourceallokerede kapacitetsomkostninger, og alle disse omkostningers reduktionsm\u00e6ssige tidshorisont i forhold til de beslutninger, vi tr\u00e6ffer.<\/p>\n\n\n\n<p>Kigger vi eksempelvis p\u00e5 et produkts eller produktgruppes rentabilitet, vil vi kunne opdele omkostningselementerne i en lang r\u00e6kke dele:<\/p>\n\n\n\n<ul class=\"wp-block-list\">\n<li>l\u00f8nomkostninger<\/li>\n\n\n\n<li>materialeomkostninger (og begge m\u00e5ske i en r\u00e6kke delelementer)<\/li>\n\n\n\n<li>dedikerede produktionsomkostninger etc.<\/li>\n\n\n\n<li>tr\u00e6k p\u00e5 kapacitets kvalitetscheck-omkostninger<\/li>\n\n\n\n<li>tr\u00e6k p\u00e5 lageromkostninger<\/li>\n\n\n\n<li>lager- og logistik-h\u00e5ndteringsomkostninger<\/li>\n\n\n\n<li>dedikerede marketingomkostninger<\/li>\n<\/ul>\n\n\n\n<p>Vi fors\u00f8ger alts\u00e5 at skabe st\u00f8rre viden om \u00f8konomistyring og ikke mindst transparens til at foretage vigtige strategiske valg med viden om hvert omkostningselements aktivitetstr\u00e6k og afledte allokerede omkostning.<\/p>\n\n\n\n<p><strong>Afslutning<\/strong><\/p>\n\n\n\n<p>Hvordan skal man h\u00e5ndtere f\u00e6llesarealer? Skal produktionsdirekt\u00f8rens omkostninger allokeres til produkter? Hvordan registrerer og opg\u00f8r man omkostningen af uudnyttet kapacitet?<\/p>\n\n\n\n<p>Kapacitet er et meget bredt begreb. Graden af aktiviteters direkte kapacitets tr\u00e6k kan variere, blive \u2019svagere\u2019 og til sidst ikke give ekstra v\u00e6rdi om overhovedet.<\/p>\n\n\n\n<p>Men med en god allokeringsmodel kan man f\u00e5 v\u00e6sentlig indsigt i produkter\/services tr\u00e6k p\u00e5 kapacitet og deres afledte omkostninger. De kan herefter benyttes til strategiske beslutninger for eventuel omprioritering.<\/p>\n\n\n\n<p>Se ogs\u00e5 mere detaljeret beskrivelse omkring ABC model under <a href=\"https:\/\/seniorconsult.dk\/?page_id=96\" data-type=\"page\" data-id=\"96\">Budgettering<\/a> \/ &#8220;Aktivitetsbaseret budgettering&#8221;.<\/p>\n\n\n\n<p><\/p>\n","protected":false},"excerpt":{"rendered":"<p>Har I behov for hj\u00e6lp til rentabilitetsberegninger eller andre former for Controlling s\u00e5 kontakt: support@seniorconsult.dk RENTABILITETSBEREGNING OG OPERATIONALISERET PRISELASTICITET F\u00f8lgende er en tilpasset artikel udgivet den 30. maj 2016, som jeg skrev da jeg var konsulentchef i firmaet Prophix. Artiklen &hellip; <a href=\"https:\/\/seniorconsult.dk\/?page_id=2\">L\u00e6s resten <span class=\"meta-nav\">&rarr;<\/span><\/a><\/p>\n","protected":false},"author":1,"featured_media":0,"parent":0,"menu_order":0,"comment_status":"closed","ping_status":"open","template":"","meta":{"footnotes":""},"class_list":["post-2","page","type-page","status-publish","hentry"],"jetpack_sharing_enabled":true,"_links":{"self":[{"href":"https:\/\/seniorconsult.dk\/index.php?rest_route=\/wp\/v2\/pages\/2","targetHints":{"allow":["GET"]}}],"collection":[{"href":"https:\/\/seniorconsult.dk\/index.php?rest_route=\/wp\/v2\/pages"}],"about":[{"href":"https:\/\/seniorconsult.dk\/index.php?rest_route=\/wp\/v2\/types\/page"}],"author":[{"embeddable":true,"href":"https:\/\/seniorconsult.dk\/index.php?rest_route=\/wp\/v2\/users\/1"}],"replies":[{"embeddable":true,"href":"https:\/\/seniorconsult.dk\/index.php?rest_route=%2Fwp%2Fv2%2Fcomments&post=2"}],"version-history":[{"count":9,"href":"https:\/\/seniorconsult.dk\/index.php?rest_route=\/wp\/v2\/pages\/2\/revisions"}],"predecessor-version":[{"id":232,"href":"https:\/\/seniorconsult.dk\/index.php?rest_route=\/wp\/v2\/pages\/2\/revisions\/232"}],"wp:attachment":[{"href":"https:\/\/seniorconsult.dk\/index.php?rest_route=%2Fwp%2Fv2%2Fmedia&parent=2"}],"curies":[{"name":"wp","href":"https:\/\/api.w.org\/{rel}","templated":true}]}}