{"id":273,"date":"2025-03-17T08:46:28","date_gmt":"2025-03-17T08:46:28","guid":{"rendered":"https:\/\/seniorconsult.dk\/?page_id=273"},"modified":"2025-04-01T12:44:43","modified_gmt":"2025-04-01T12:44:43","slug":"iso-149712019","status":"publish","type":"page","link":"https:\/\/seniorconsult.dk\/?page_id=273","title":{"rendered":"ISO 14971"},"content":{"rendered":"\n<p>ISO 14971:2019 er en specialiseret standard omkring riskostyring indenfor medicinsk udstyr. P\u00e5 engelsk hedder den &#8220;Medical devices &#8211; application of risk management to medical devises.<\/p>\n\n\n\n<p>I scope under punkt 1 angives det f\u00f8lgende p\u00e5 engesk:<\/p>\n\n\n\n<p><em>&#8220;The process described in this document intends to assist manufactorers of medical devices to identify hazards associated with the medical device&#8230;&#8221;<\/em><\/p>\n\n\n\n<p>Denne standard er alts\u00e5 en form for understandard til ISO 13485, men <strong>specifikt henvendt til producenter af medicinsk udstyr<\/strong>, da en meget stor del af standarden g\u00e5r p\u00e5 at producenten allerede under udvikling af det medicinske udstyr skal v\u00e6re opm\u00e6rksom p\u00e5 de mulige farer der er ved brugen af udstyret, og skal fors\u00f8ge at reducere og helst undg\u00e5 s\u00e5danne farer, og farefulde situationer i at opst\u00e5.<\/p>\n\n\n\n<p>Bem\u00e6rk, at det som sagt ikke er et krav via ISO 13485, at en producent benytter denne standard, og det er heller ikke et krav via EU eller eksempelvis FDA i USA, at producenter f\u00f8lger denne standard. EU og USA har derimod defineret egne krav til risikostyring, og opf\u00f8lgning via regulative krav. Det angives bl.a. i EU indenfor visse omr\u00e5der i regulativerne, at hvis producenten ikke benytter harmoniserede standarder (eksempelvis ISO standarder der er &#8220;accepteret&#8221; og offentliggjort som harmoniseret af EU), skal producenten som minimum leve op til de krav som disse standarder s\u00e6tter indenfor det n\u00e6vnte omr\u00e5de. Se n\u00e6rmere links til de europ\u00e6iske regulativer nederst p\u00e5 denne side.<\/p>\n\n\n\n<p>Bem\u00e6rk ligeledes, at denne standard er en specifik standard til medicinsk udstyr, og at der findes en &#8220;generel&#8221; standard \/ vejledning til risikostyring der hedder <a href=\"https:\/\/www.iso.org\/obp\/ui#iso:std:iso:31000:ed-2:v1:en\">ISO 31000:2018<\/a>, som specificerer risikostyring p\u00e5 generelt plan.<\/p>\n\n\n\n<p><strong><span style=\"text-decoration: underline;\">STRUKTUREN:<\/span><\/strong><\/p>\n\n\n\n<figure class=\"wp-block-image size-large\"><a href=\"https:\/\/seniorconsult.dk\/wp-content\/uploads\/2025\/03\/ISO-14971.jpg\"><img loading=\"lazy\" decoding=\"async\" width=\"1024\" height=\"674\" src=\"https:\/\/seniorconsult.dk\/wp-content\/uploads\/2025\/03\/image-4-1024x674.png\" alt=\"\" class=\"wp-image-274\" srcset=\"https:\/\/seniorconsult.dk\/wp-content\/uploads\/2025\/03\/image-4-1024x674.png 1024w, https:\/\/seniorconsult.dk\/wp-content\/uploads\/2025\/03\/image-4-300x197.png 300w, https:\/\/seniorconsult.dk\/wp-content\/uploads\/2025\/03\/image-4-768x505.png 768w, https:\/\/seniorconsult.dk\/wp-content\/uploads\/2025\/03\/image-4-456x300.png 456w, https:\/\/seniorconsult.dk\/wp-content\/uploads\/2025\/03\/image-4.png 1088w\" sizes=\"auto, (max-width: 1024px) 100vw, 1024px\" \/><\/a><\/figure>\n\n\n\n<p>Klik p\u00e5 billede for at se dette<\/p>\n\n\n\n<p>Punkt 4, angiver generelle krav til risikoledelsessystemet. Punkt 5 beskriver selve risikoanalysen, og punkt 6 beskriver risiko evalueringen, og punkt 7 risikokontrol.<\/p>\n\n\n\n<p>Punkt 8 er evaluering af eventuel resterende risici, og punkt 9 er evaluering \/ review af den samlede risikostyring. Hvis ikke disse evalueringer medf\u00f8rer acceptable risici, skal man g\u00e5 tilbage til eventuel punk 5.2 eller 7.1<\/p>\n\n\n\n<p>Punkt 10 vedr\u00f8rer en overv\u00e5gning n\u00e5r man er i produktion, og efter produktionen er g\u00e5et i gang som kr\u00e6ver, at man overv\u00e5ger markedet, og samler information om, og analyserer denne info, og agerer, hvis der kan identificeres problemer med det medicinske udstyr i markedet. Sidstn\u00e6vnte krav omkring markedsoverv\u00e5gning er i tr\u00e5d med kravene i EU regulativerne omkring medicinsk udstyr angivet i <a href=\"https:\/\/eur-lex.europa.eu\/eli\/reg\/2017\/745\/oj\/eng\">EU 2017\/745<\/a> og <a href=\"https:\/\/eur-lex.europa.eu\/eli\/reg\/2017\/746\/oj\/eng\">EU 2017\/746<\/a>.<\/p>\n\n\n\n<p><\/p>\n","protected":false},"excerpt":{"rendered":"<p>ISO 14971:2019 er en specialiseret standard omkring riskostyring indenfor medicinsk udstyr. P\u00e5 engelsk hedder den &#8220;Medical devices &#8211; application of risk management to medical devises. I scope under punkt 1 angives det f\u00f8lgende p\u00e5 engesk: &#8220;The process described in this &hellip; <a href=\"https:\/\/seniorconsult.dk\/?page_id=273\">L\u00e6s resten <span class=\"meta-nav\">&rarr;<\/span><\/a><\/p>\n","protected":false},"author":1,"featured_media":0,"parent":0,"menu_order":0,"comment_status":"closed","ping_status":"closed","template":"","meta":{"footnotes":""},"class_list":["post-273","page","type-page","status-publish","hentry"],"jetpack_sharing_enabled":true,"_links":{"self":[{"href":"https:\/\/seniorconsult.dk\/index.php?rest_route=\/wp\/v2\/pages\/273","targetHints":{"allow":["GET"]}}],"collection":[{"href":"https:\/\/seniorconsult.dk\/index.php?rest_route=\/wp\/v2\/pages"}],"about":[{"href":"https:\/\/seniorconsult.dk\/index.php?rest_route=\/wp\/v2\/types\/page"}],"author":[{"embeddable":true,"href":"https:\/\/seniorconsult.dk\/index.php?rest_route=\/wp\/v2\/users\/1"}],"replies":[{"embeddable":true,"href":"https:\/\/seniorconsult.dk\/index.php?rest_route=%2Fwp%2Fv2%2Fcomments&post=273"}],"version-history":[{"count":6,"href":"https:\/\/seniorconsult.dk\/index.php?rest_route=\/wp\/v2\/pages\/273\/revisions"}],"predecessor-version":[{"id":290,"href":"https:\/\/seniorconsult.dk\/index.php?rest_route=\/wp\/v2\/pages\/273\/revisions\/290"}],"wp:attachment":[{"href":"https:\/\/seniorconsult.dk\/index.php?rest_route=%2Fwp%2Fv2%2Fmedia&parent=273"}],"curies":[{"name":"wp","href":"https:\/\/api.w.org\/{rel}","templated":true}]}}