{"id":43,"date":"2025-02-24T10:32:05","date_gmt":"2025-02-24T10:32:05","guid":{"rendered":"https:\/\/seniorconsult.dk\/?page_id=43"},"modified":"2025-03-06T08:47:32","modified_gmt":"2025-03-06T08:47:32","slug":"iso-standarder","status":"publish","type":"page","link":"https:\/\/seniorconsult.dk\/?page_id=43","title":{"rendered":"ISO Standarder"},"content":{"rendered":"\n<p>Klik p\u00e5 en af undermenuerne for at se n\u00e6rmere p\u00e5 information omkring ISO 9001 (generel kvalitetsstandard), ISO 13485 (Branchespecifik kvalitetsstandard for medicinsk udstyr) eller ISO 19011 (auditering) samt tilbud af kurser indenfor auditering eller h\u00e5ndtering af ISO afvigelser.<\/p>\n","protected":false},"excerpt":{"rendered":"<p>Klik p\u00e5 en af undermenuerne for at se n\u00e6rmere p\u00e5 information omkring ISO 9001 (generel kvalitetsstandard), ISO 13485 (Branchespecifik kvalitetsstandard for medicinsk udstyr) eller ISO 19011 (auditering) samt tilbud af kurser indenfor auditering eller h\u00e5ndtering af ISO afvigelser.<\/p>\n","protected":false},"author":1,"featured_media":0,"parent":0,"menu_order":0,"comment_status":"closed","ping_status":"closed","template":"","meta":{"footnotes":""},"class_list":["post-43","page","type-page","status-publish","hentry"],"jetpack_sharing_enabled":true,"_links":{"self":[{"href":"https:\/\/seniorconsult.dk\/index.php?rest_route=\/wp\/v2\/pages\/43","targetHints":{"allow":["GET"]}}],"collection":[{"href":"https:\/\/seniorconsult.dk\/index.php?rest_route=\/wp\/v2\/pages"}],"about":[{"href":"https:\/\/seniorconsult.dk\/index.php?rest_route=\/wp\/v2\/types\/page"}],"author":[{"embeddable":true,"href":"https:\/\/seniorconsult.dk\/index.php?rest_route=\/wp\/v2\/users\/1"}],"replies":[{"embeddable":true,"href":"https:\/\/seniorconsult.dk\/index.php?rest_route=%2Fwp%2Fv2%2Fcomments&post=43"}],"version-history":[{"count":5,"href":"https:\/\/seniorconsult.dk\/index.php?rest_route=\/wp\/v2\/pages\/43\/revisions"}],"predecessor-version":[{"id":235,"href":"https:\/\/seniorconsult.dk\/index.php?rest_route=\/wp\/v2\/pages\/43\/revisions\/235"}],"wp:attachment":[{"href":"https:\/\/seniorconsult.dk\/index.php?rest_route=%2Fwp%2Fv2%2Fmedia&parent=43"}],"curies":[{"name":"wp","href":"https:\/\/api.w.org\/{rel}","templated":true}]}}