{"id":47,"date":"2025-02-24T10:32:56","date_gmt":"2025-02-24T10:32:56","guid":{"rendered":"https:\/\/seniorconsult.dk\/?page_id=47"},"modified":"2025-03-11T07:27:06","modified_gmt":"2025-03-11T07:27:06","slug":"iso-9001","status":"publish","type":"page","link":"https:\/\/seniorconsult.dk\/?page_id=47","title":{"rendered":"ISO 9001"},"content":{"rendered":"\n<p>Nedenfor kan l\u00e6ses nogle f\u00e5 noter omkring ISO 9001:2015 standarden.<\/p>\n\n\n\n<p><span style=\"text-decoration: underline;\"><strong>GENERELT.<\/strong><\/span><\/p>\n\n\n\n<p>ISO 9001:2015 er seneste udgave for en generel kvalitetsstandard der g\u00e6lder for alle brancher og alle typer af virksomheder. Der forventes en ny udgave udgivet (med meget f\u00e5 \u00e6ndringer) i 2026.<\/p>\n\n\n\n<p>Standarden er opbygget med udgangspunkt i 3 grundprincipper:<\/p>\n\n\n\n<ul class=\"wp-block-list\">\n<li>At man har en proceorienteret tilgang til kvalitet<\/li>\n\n\n\n<li>At man arbejder efter PDCA (Plan, DO, Check, ACT) princippet<\/li>\n\n\n\n<li>At man tager udgangspunkt i en risikobaseret tilgang til kvalitet<\/li>\n<\/ul>\n\n\n\n<p><strong><span style=\"text-decoration: underline;\">STRUKTUREN<\/span><\/strong><\/p>\n\n\n\n<p>ISO 9001 blev opbygget baseret p\u00e5 hvad man tidligere kaldte HIGH LEVEL STRUCTURE, og nu kalder for HARMONIZED STRUCTURE. I begge tilf\u00e6lde indeholder den f\u00f8lgende 10 hovedpunkter:<\/p>\n\n\n\n<ol class=\"wp-block-list\">\n<li>Anvendelsesomr\u00e5de<\/li>\n\n\n\n<li>Normative referencer<\/li>\n\n\n\n<li>Termer og definitioner<\/li>\n\n\n\n<li>Organisationens rammer og vilk\u00e5r<\/li>\n\n\n\n<li>Lederskab<\/li>\n\n\n\n<li>Planl\u00e6gning<\/li>\n\n\n\n<li>St\u00f8tteaktiviteter og -funktioner<\/li>\n\n\n\n<li>Drift<\/li>\n\n\n\n<li>Pr\u00e6stationsevaluering<\/li>\n\n\n\n<li>Forbedring.<\/li>\n<\/ol>\n\n\n\n<p>Nogle f\u00e5 kommentarer til de f\u00f8rste 3 punkter. F\u00f8rste afsnit anvendelsesomr\u00e5de beskriver kort hvilket omr\u00e5de standarden g\u00e6lder for.<\/p>\n\n\n\n<p>Andet afsnit hedder Normative referencer, og ALLE (gentager ALLE) krav som ikke st\u00e5r beskrevet direkte i standarden, men hvor standarden et eller flere steder henviser til s\u00e5danne eksterne krav, SKAL v\u00e6re angivet i dette punkt jf. ISO organisationens offentliggjorte vejledning til indhold i standarder. Er der noter med henvisninger til eksempelvis andre ISO standarder, er disse IKKE krav, da de ikke er angivet under Normative referencer. ISO 9001 har kun en henvisning, og det er ISO 9000:2015 som hovedsageligt beskriver termer og definitioner. Termer og definitioner fra ISO 9000:2015 kan l\u00e6ses i afsnit 3 &#8220;Terms and definitions&#8221; i dette link (engelsk): <a href=\"https:\/\/www.iso.org\/obp\/ui#iso:std:iso:9000:ed-4:v1:en\">ISO 9000:2015<\/a>.<\/p>\n\n\n\n<p>Afsnit 3 angiver termer og definitioner som er specifikke for standarden. I dette tilf\u00e6lde er disse defineret som angivet ovenfor.<\/p>\n\n\n\n<p>Herefter kommer i alle standarder der f\u00f8lger ovenst\u00e5ende struktur selve kravene, som er beskrevet i afsnit 4-10.<\/p>\n\n\n\n<p>Den overordnede struktur opdelt i PLAN, DO, CHECK, ACT tankegangen kan ses i figuren nedenfor:<\/p>\n\n\n\n<figure class=\"wp-block-image size-large\"><a href=\"https:\/\/seniorconsult.dk\/wp-content\/uploads\/2025\/03\/PDAC-og-ISO-9001.png\"><img loading=\"lazy\" decoding=\"async\" width=\"1024\" height=\"553\" src=\"https:\/\/seniorconsult.dk\/wp-content\/uploads\/2025\/03\/PDAC-og-ISO-9001-1024x553.png\" alt=\"\" class=\"wp-image-258\" srcset=\"https:\/\/seniorconsult.dk\/wp-content\/uploads\/2025\/03\/PDAC-og-ISO-9001-1024x553.png 1024w, https:\/\/seniorconsult.dk\/wp-content\/uploads\/2025\/03\/PDAC-og-ISO-9001-300x162.png 300w, https:\/\/seniorconsult.dk\/wp-content\/uploads\/2025\/03\/PDAC-og-ISO-9001-768x415.png 768w, https:\/\/seniorconsult.dk\/wp-content\/uploads\/2025\/03\/PDAC-og-ISO-9001-500x270.png 500w, https:\/\/seniorconsult.dk\/wp-content\/uploads\/2025\/03\/PDAC-og-ISO-9001.png 1321w\" sizes=\"auto, (max-width: 1024px) 100vw, 1024px\" \/><\/a><\/figure>\n\n\n\n<p>(Klik p\u00e5 billede for at se detaljeret)<\/p>\n\n\n\n<p>Punkterne 4-7 indg\u00e5r i PLAN delen. Punkt 8 &#8220;Drift&#8221; er DO delen, punkt 9 &#8220;Pr\u00e6stantionsevaluering&#8221; er CHECK delen, og punkt 10 &#8220;Forbedring&#8221; er ACT delen.<\/p>\n\n\n\n<p>Sammenh\u00e6ngen mellem en r\u00e6kke af kravene i punkt 4-8 kan ses i denne figur.<\/p>\n\n\n\n<figure class=\"wp-block-image size-large\"><a href=\"https:\/\/seniorconsult.dk\/wp-content\/uploads\/2025\/02\/ISO-9001-sammenhaeng.jpg\"><img loading=\"lazy\" decoding=\"async\" width=\"1024\" height=\"576\" src=\"https:\/\/seniorconsult.dk\/wp-content\/uploads\/2025\/02\/ISO-9001-sammenhaeng-1024x576.jpg\" alt=\"\" class=\"wp-image-57\" srcset=\"https:\/\/seniorconsult.dk\/wp-content\/uploads\/2025\/02\/ISO-9001-sammenhaeng-1024x576.jpg 1024w, https:\/\/seniorconsult.dk\/wp-content\/uploads\/2025\/02\/ISO-9001-sammenhaeng-300x169.jpg 300w, https:\/\/seniorconsult.dk\/wp-content\/uploads\/2025\/02\/ISO-9001-sammenhaeng-768x432.jpg 768w, https:\/\/seniorconsult.dk\/wp-content\/uploads\/2025\/02\/ISO-9001-sammenhaeng-500x281.jpg 500w, https:\/\/seniorconsult.dk\/wp-content\/uploads\/2025\/02\/ISO-9001-sammenhaeng.jpg 1280w\" sizes=\"auto, (max-width: 1024px) 100vw, 1024px\" \/><\/a><\/figure>\n\n\n\n<p>(Klik p\u00e5 billede for at se detaljeret)<\/p>\n\n\n\n<p>Der ligger en del krav som er v\u00e6sentlige specielt omkring beskrivelserne i punkt 4, som p\u00e5virker implementeringen af det resterende system.<\/p>\n\n\n\n<figure class=\"wp-block-image size-full is-resized\"><img loading=\"lazy\" decoding=\"async\" width=\"724\" height=\"392\" src=\"https:\/\/seniorconsult.dk\/wp-content\/uploads\/2025\/02\/image-7.png\" alt=\"\" class=\"wp-image-175\" style=\"width:299px;height:auto\" srcset=\"https:\/\/seniorconsult.dk\/wp-content\/uploads\/2025\/02\/image-7.png 724w, https:\/\/seniorconsult.dk\/wp-content\/uploads\/2025\/02\/image-7-300x162.png 300w, https:\/\/seniorconsult.dk\/wp-content\/uploads\/2025\/02\/image-7-500x271.png 500w\" sizes=\"auto, (max-width: 724px) 100vw, 724px\" \/><\/figure>\n\n\n\n<p><\/p>\n","protected":false},"excerpt":{"rendered":"<p>Nedenfor kan l\u00e6ses nogle f\u00e5 noter omkring ISO 9001:2015 standarden. GENERELT. ISO 9001:2015 er seneste udgave for en generel kvalitetsstandard der g\u00e6lder for alle brancher og alle typer af virksomheder. Der forventes en ny udgave udgivet (med meget f\u00e5 \u00e6ndringer) &hellip; <a href=\"https:\/\/seniorconsult.dk\/?page_id=47\">L\u00e6s resten <span class=\"meta-nav\">&rarr;<\/span><\/a><\/p>\n","protected":false},"author":1,"featured_media":0,"parent":0,"menu_order":0,"comment_status":"closed","ping_status":"closed","template":"","meta":{"footnotes":""},"class_list":["post-47","page","type-page","status-publish","hentry"],"jetpack_sharing_enabled":true,"_links":{"self":[{"href":"https:\/\/seniorconsult.dk\/index.php?rest_route=\/wp\/v2\/pages\/47","targetHints":{"allow":["GET"]}}],"collection":[{"href":"https:\/\/seniorconsult.dk\/index.php?rest_route=\/wp\/v2\/pages"}],"about":[{"href":"https:\/\/seniorconsult.dk\/index.php?rest_route=\/wp\/v2\/types\/page"}],"author":[{"embeddable":true,"href":"https:\/\/seniorconsult.dk\/index.php?rest_route=\/wp\/v2\/users\/1"}],"replies":[{"embeddable":true,"href":"https:\/\/seniorconsult.dk\/index.php?rest_route=%2Fwp%2Fv2%2Fcomments&post=47"}],"version-history":[{"count":9,"href":"https:\/\/seniorconsult.dk\/index.php?rest_route=\/wp\/v2\/pages\/47\/revisions"}],"predecessor-version":[{"id":260,"href":"https:\/\/seniorconsult.dk\/index.php?rest_route=\/wp\/v2\/pages\/47\/revisions\/260"}],"wp:attachment":[{"href":"https:\/\/seniorconsult.dk\/index.php?rest_route=%2Fwp%2Fv2%2Fmedia&parent=47"}],"curies":[{"name":"wp","href":"https:\/\/api.w.org\/{rel}","templated":true}]}}