{"id":63,"date":"2025-02-24T11:22:28","date_gmt":"2025-02-24T11:22:28","guid":{"rendered":"https:\/\/seniorconsult.dk\/?page_id=63"},"modified":"2025-03-17T08:54:48","modified_gmt":"2025-03-17T08:54:48","slug":"iso-13485","status":"publish","type":"page","link":"https:\/\/seniorconsult.dk\/?page_id=63","title":{"rendered":"ISO 13485"},"content":{"rendered":"\n<p><strong><span style=\"text-decoration: underline;\">GENERELT:<\/span><\/strong><\/p>\n\n\n\n<p>ISO 13485 i sin seneste udgave hedder ISO 13485:2016.<\/p>\n\n\n\n<p>Denne standard er en branchespecifik kvalitetsstandard der g\u00e6lder for medicinsk udstyr (Engelsk: Medical Devices). Standarden har taget udgangspunkt i ISO 9001:2008 udgaven, og selvom denne udgave er ben\u00e6vnt 2016, og der findes en <a href=\"https:\/\/seniorconsult.dk\/?page_id=47\" data-type=\"page\" data-id=\"47\">ISO 9001:2015<\/a>, s\u00e5 var igangs\u00e6tningen af ISO 13485 sket inden fastl\u00e6ggelsen af den nye struktur, s\u00e5 dels tager denne standard udgangspunkt i en \u00e6ldre ISO 9001 udgave end senest g\u00e6ldende, med blandt andet benyttelse af andre termer, samt ogs\u00e5 en anden strukturel opbygning.<\/p>\n\n\n\n<p>Standarden har en masse krav tilf\u00e6lles med ogs\u00e5 ISO 9001:2015. Bl.a. omkring Lederskab, Intern audit; Ledelsesevaluering; h\u00e5ndtering af afvigelser m.m, men ogs\u00e5  en r\u00e6kke \u00f8vrige og til tider strengere krav end ISO 9001:2015. Bl.a. med specifikke krav til dokumentationens udformning; udformning af kvalitetsh\u00e5ndbog; software validering; en specifikt udpeget ledelsesrepr\u00e6sentant med ansvar for systemet; anden definition p\u00e5 begrebet &#8220;risiko&#8221;; h\u00e5ndtering af indk\u00f8b m.m.<\/p>\n\n\n\n<p><strong><span style=\"text-decoration: underline;\">STRUKTUREN:<\/span><\/strong><\/p>\n\n\n\n<p>ISO 13485:2016 har i de f\u00f8rste 3 punkter det samme indhold som ISO 9001. Se denne for n\u00e6rmere beskrivelse af disse.Hovedpunkterne er som f\u00f8lger:<\/p>\n\n\n\n<ol class=\"wp-block-list\">\n<li>Anvendelsesomr\u00e5de<\/li>\n\n\n\n<li>Normative referencer<\/li>\n\n\n\n<li>Termer og definitioner<\/li>\n\n\n\n<li>Kvalitetsledelsessystem<\/li>\n\n\n\n<li>Ledelsens ansvar<\/li>\n\n\n\n<li>Styring af ressourcer<\/li>\n\n\n\n<li>Produktfrembringelse<\/li>\n\n\n\n<li>M\u00e5ling, analyse og forbedring<\/li>\n<\/ol>\n\n\n\n<p>Nogle kommentarer til nogle af ovenst\u00e5ende punkter, med speciel henvisning til ISO 9001 kravene.<\/p>\n\n\n\n<p>Der findes i ISO 13485 en lang liste med termer og definitioner, som er i till\u00e6g til ISO 9000 definitionerne, og eksempelvis definitionen p\u00e5 &#8220;Risiko&#8221; er anderledes og &#8220;overskriver&#8221; ISO 9000 definitionen. ISO 13485 beskriver nogle specifikke roller som en organisation kan have i form af PRODUCENT, DISTRIBUT\u00d8R, AUTORISERET REPR\u00c6SENTANT, eller IMPORT\u00d8R, som har en speciel status i forhold til standarden, hvis man falder ind under en af disse kategorier for medicinsk udstyr.<\/p>\n\n\n\n<p>Punkt 4, er v\u00e6sensforskellig fra ISO 9001. Kravene i 9001 omkring forst\u00e5else af virksomhedens rammer og vilk\u00e5r samt interessenters indflydelse p\u00e5 kvalitetssystemet findes ikke i ISO 13485. Til geng\u00e6ld stilles der en r\u00e6kke specifikke krav om eksempelvis at have en kvalitetsh\u00e5ndbog, hvor kvalitetssystemets elementer og sammenh\u00e6nge bliver beskrevet; der er krav om at al dokumentation vedr\u00f8rende medicinsk udstyr er samlet et sted, og i dette afsnit beskrives ligeledes krav til dokumenth\u00e5ndtering (punkt 4.2.4), og til h\u00e5ndtering af registreringer (punkt 4.2.5), hvor dokumentstyring er beskrevet i punkt 7.5 i ISO 9001.<\/p>\n\n\n\n<p>Punkt 5 omkring ledelsens ansvar minder i h\u00f8jere grad om ISO 9001:2015. Her er der bl.a. sammenfald omkring ledelsens forpligtelse; udarbejdelse af en kvalitetspolitik; fastl\u00e6ggelse af ansvar og bef\u00f8jelser, men ogs\u00e5 krav til kvalitetsm\u00e5l (som er placeret i punkt 6.2 i ISO 9001), og ledelsens evaluering (som er i punkt 9.3 i ISO 9001).<\/p>\n\n\n\n<p>Punkt 6 angiver krav til styring af ressourcer (menneskelige, infrastruktur, og arbejdsmilj\u00f8). Disse tilsvarende punkter ligger i ISO 9001 under punkt 7.<\/p>\n\n\n\n<p>Punkt 7 hedder &#8220;Produktfrembringelse&#8221;, og d\u00e6kker i store tr\u00e6k over samme ide som punkt 8 &#8220;Drift&#8221; i ISO 9001. Det er krav til processer til salg, indk\u00f8b, udvikling og produktion. <\/p>\n\n\n\n<p>Punkt 8 d\u00e6kker de tilsvarende ideer fra punkt 9 &#8220;Pr\u00e6stationsevaluering&#8221; og punkt 10 &#8220;Forbedring&#8221; fra ISO 9001. Punkt 8.2 er overv\u00e5gning og m\u00e5ling, Punkt 8.3 er styring af afvigende produkter, punkt 8.4 er analyse af data, og punkt 8.5 er forbedring, som er det sidste punkt i standarden.<\/p>\n\n\n\n<p><strong><span style=\"text-decoration: underline;\">Lidt erfaring \/ betragtninger:<\/span><\/strong><\/p>\n\n\n\n<p><em><span style=\"text-decoration: underline;\">Risiko:<\/span><\/em> Begrebet &#8220;risiko&#8221; er defineret anderledes i ISO 13485 end ISO 9001, og selvom ISO 13485 angiver ISO 9000:2015 som en normativ reference, &#8220;overskriver&#8221; ISO 13485 definitionen p\u00e5 risiko. I ISO 13485 angives en risiko som kombinationen af sandsynligheden for at der sker en skade og alvorligheden af en s\u00e5dan skade. Begrebet &#8220;skade&#8221; er <span style=\"text-decoration: underline;\">ikke<\/span> defineret i ISO 13485. Skadesbegrebet der derimod defineret i ISO 14971:2019.<\/p>\n\n\n\n<p><span style=\"text-decoration: underline;\"><em>Risikostyring fejlopfattelser:<\/em><\/span> Jeg har oplevet at r\u00e5divere og lead auditor hos certificerende virksomhed har angivet, at man eksempelvis skal benytte risikostyring som angivet i ISO <a href=\"https:\/\/seniorconsult.dk\/?page_id=273\" data-type=\"page\" data-id=\"273\">14971:2019<\/a>, under ISO 13485. Man henviser til, at ISO 14971 angives i en note i ISO 13485, men dette er en fejlopfattelse. Krav ud over (placeret i andre dokumenter) det der er angivet i en standard inklusive normative appendikser, <span style=\"text-decoration: underline;\">skal<\/span> v\u00e6re specificeret i punkt 2 &#8220;Normative referencer&#8221;. Dette er ikke tilf\u00e6ldet i ISO 13485.<\/p>\n\n\n\n<p> <span style=\"text-decoration: underline;\"><em>Regulative krav &#8211; fejlopfattelser:<\/em><\/span><em> Jeg har ligeledes ogs\u00e5 oplevet, at lead auditor<\/em> har p\u00e5st\u00e5et, at en virksomhed der er 13485 certificeret, men ikke er producent, eller udfylder en af de 3 \u00f8vrige specifikt n\u00e6vnte roller i standarden, alligevel skal overholde EU regulativer omkring medicinsk udstyr. Angivelsen var, at der findes 2 informative appendikser i den europ\u00e6iske udgave af ISO 13485. Dette er ogs\u00e5 en fejlopfattelse. Informative appendikser kan ikke stille krav, som kan give en afvigelse i forhold til standarden.<\/p>\n\n\n\n<figure class=\"wp-block-image size-full is-resized\"><img loading=\"lazy\" decoding=\"async\" width=\"724\" height=\"379\" src=\"https:\/\/seniorconsult.dk\/wp-content\/uploads\/2025\/02\/image-8.png\" alt=\"\" class=\"wp-image-177\" style=\"width:307px;height:auto\" srcset=\"https:\/\/seniorconsult.dk\/wp-content\/uploads\/2025\/02\/image-8.png 724w, https:\/\/seniorconsult.dk\/wp-content\/uploads\/2025\/02\/image-8-300x157.png 300w, https:\/\/seniorconsult.dk\/wp-content\/uploads\/2025\/02\/image-8-500x262.png 500w\" sizes=\"auto, (max-width: 724px) 100vw, 724px\" \/><\/figure>\n\n\n\n<p><\/p>\n","protected":false},"excerpt":{"rendered":"<p>GENERELT: ISO 13485 i sin seneste udgave hedder ISO 13485:2016. Denne standard er en branchespecifik kvalitetsstandard der g\u00e6lder for medicinsk udstyr (Engelsk: Medical Devices). Standarden har taget udgangspunkt i ISO 9001:2008 udgaven, og selvom denne udgave er ben\u00e6vnt 2016, og &hellip; <a href=\"https:\/\/seniorconsult.dk\/?page_id=63\">L\u00e6s resten <span class=\"meta-nav\">&rarr;<\/span><\/a><\/p>\n","protected":false},"author":1,"featured_media":0,"parent":0,"menu_order":0,"comment_status":"closed","ping_status":"closed","template":"","meta":{"footnotes":""},"class_list":["post-63","page","type-page","status-publish","hentry"],"jetpack_sharing_enabled":true,"_links":{"self":[{"href":"https:\/\/seniorconsult.dk\/index.php?rest_route=\/wp\/v2\/pages\/63","targetHints":{"allow":["GET"]}}],"collection":[{"href":"https:\/\/seniorconsult.dk\/index.php?rest_route=\/wp\/v2\/pages"}],"about":[{"href":"https:\/\/seniorconsult.dk\/index.php?rest_route=\/wp\/v2\/types\/page"}],"author":[{"embeddable":true,"href":"https:\/\/seniorconsult.dk\/index.php?rest_route=\/wp\/v2\/users\/1"}],"replies":[{"embeddable":true,"href":"https:\/\/seniorconsult.dk\/index.php?rest_route=%2Fwp%2Fv2%2Fcomments&post=63"}],"version-history":[{"count":7,"href":"https:\/\/seniorconsult.dk\/index.php?rest_route=\/wp\/v2\/pages\/63\/revisions"}],"predecessor-version":[{"id":280,"href":"https:\/\/seniorconsult.dk\/index.php?rest_route=\/wp\/v2\/pages\/63\/revisions\/280"}],"wp:attachment":[{"href":"https:\/\/seniorconsult.dk\/index.php?rest_route=%2Fwp%2Fv2%2Fmedia&parent=63"}],"curies":[{"name":"wp","href":"https:\/\/api.w.org\/{rel}","templated":true}]}}