{"id":65,"date":"2025-02-24T11:22:55","date_gmt":"2025-02-24T11:22:55","guid":{"rendered":"https:\/\/seniorconsult.dk\/?page_id=65"},"modified":"2025-03-02T12:24:10","modified_gmt":"2025-03-02T12:24:10","slug":"iso-19011","status":"publish","type":"page","link":"https:\/\/seniorconsult.dk\/?page_id=65","title":{"rendered":"ISO 19011"},"content":{"rendered":"\n<p><strong><span style=\"text-decoration: underline;\">GENERELT:<\/span><\/strong><\/p>\n\n\n\n<p>ISO 19011 hedder i sin seneste udgave ISO 19011:2018<\/p>\n\n\n\n<p><strong> &#8220;Guidelines for auditing management systems&#8221;.<\/strong><\/p>\n\n\n\n<p>Denne standard er som angivet ovenfor en vejledning og r\u00e5d omkring hvorledes man auditerer et ISO ledelsessystem, men kan ogs\u00e5 benyttes som r\u00e5d vedr\u00f8rende alle typer af auditering. Det angives i standarden i tabel 1, at der findes 3 niveauer af auditering:<\/p>\n\n\n\n<ol class=\"wp-block-list\">\n<li>F\u00f8rste niveau: Intern audit.<\/li>\n\n\n\n<li>Andet niveau: Ekstern audit<\/li>\n\n\n\n<li>Certificerende \/ akkrediterende audit<\/li>\n<\/ol>\n\n\n\n<p>F\u00f8rste niveau er alts\u00e5 den type audits som ledelsessystemer kr\u00e6ves bliver udf\u00f8rt (eksempelvis ISO 9001 punkt 9.2, eller ISO 13485 punkt 8.2.4). <\/p>\n\n\n\n<p>Andet niveau er audits udf\u00f8rt af en anden part end intern (alts\u00e5 eksempelvis et audit udf\u00f8rt af en kunde hos en leverand\u00f8r).<\/p>\n\n\n\n<p>Tredje niveau er n\u00e5r en virksomhed bliver auditeret af en certificerende virksomhed, eller en certificerende virksomhed bliver auditeret af en akkrediterings organisation (som eksempelvis DANAK i Danmark).<\/p>\n\n\n\n<p>Det fremg\u00e5r ligeledes af standarden, at der er specifikke krav i ISO 17021-1 til virksomheder som udbyder akkrediteret certificerende ydelser af ledelsessystemer, men at disse virksomheder ogs\u00e5 har nytte af ISO 19011. ISO 17021-1 er mere specifik omkring hvorledes en certificerende virksomhed skal opf\u00f8re sig, end med deciderede krav og vejledning til udf\u00f8relsen af certificerende audits. S\u00e5 vejledningen er reelt mulig at benytte til alle 3 typr af audits.<\/p>\n\n\n\n<p><strong><span style=\"text-decoration: underline;\">STRUKTUREN:<\/span><\/strong><\/p>\n\n\n\n<p>Standarden er ligesom ISO 9001 opbygget efter PDCA princippet, og har f\u00f8lgende elementer ud over punkt 1. Omfang, 2. Normative referencer, og punkt 3. Termer og definitioner:<\/p>\n\n\n\n<figure class=\"wp-block-image size-large\"><a href=\"https:\/\/seniorconsult.dk\/wp-content\/uploads\/2025\/02\/Overblik-ISO-19011-2018.jpg\"><img loading=\"lazy\" decoding=\"async\" width=\"1024\" height=\"576\" src=\"https:\/\/seniorconsult.dk\/wp-content\/uploads\/2025\/02\/Overblik-ISO-19011-2018-1024x576.jpg\" alt=\"\" class=\"wp-image-74\" srcset=\"https:\/\/seniorconsult.dk\/wp-content\/uploads\/2025\/02\/Overblik-ISO-19011-2018-1024x576.jpg 1024w, https:\/\/seniorconsult.dk\/wp-content\/uploads\/2025\/02\/Overblik-ISO-19011-2018-300x169.jpg 300w, https:\/\/seniorconsult.dk\/wp-content\/uploads\/2025\/02\/Overblik-ISO-19011-2018-768x432.jpg 768w, https:\/\/seniorconsult.dk\/wp-content\/uploads\/2025\/02\/Overblik-ISO-19011-2018-500x281.jpg 500w, https:\/\/seniorconsult.dk\/wp-content\/uploads\/2025\/02\/Overblik-ISO-19011-2018.jpg 1280w\" sizes=\"auto, (max-width: 1024px) 100vw, 1024px\" \/><\/a><\/figure>\n\n\n\n<p>(Klik p\u00e5 billede for at se i stort format)<\/p>\n\n\n\n<p>Punkt 4 indeholder generelle &#8220;krav&#8221; til auditorer og audit programl\u00e6ggere. Punkt 7 indeholder specifikke krav til auditorer og &#8220;lead auditorer&#8221;.<\/p>\n\n\n\n<p>Punkt 5 angiver krav til planl\u00e6gning og styring af et auditprogram for en virksomhed, samt krav til den auditprogramansvarlige. P\u00e5 engelsk er et audit program defineret i standardens punkt 3.4 som: &#8220;Arrangement for a set of one or more audits planned for a specific time frame and directed towards a specific purpose&#8221;. Som de kan ses af figuren ovenfor, er punkterne inddelt i en PDCA cyklus (se n\u00e6rmere beskrivelse omkring PDCA under beskrivelse i <a href=\"https:\/\/seniorconsult.dk\/?page_id=47\" data-type=\"page\" data-id=\"47\">ISO 9001<\/a>.<\/p>\n\n\n\n<p>Punkt 6 angiver p\u00e5 samme vis med PDCA opdeling kravene til auditorer om hvorledes et audit skal planl\u00e6gges, gennemf\u00f8res og f\u00f8lges op p\u00e5.<\/p>\n\n\n\n<p>Det skal bem\u00e6rkes, at da denne standard skal d\u00e6kke alle 3 niveauer af audits, angiver standarden en proces som d\u00e6kker &#8220;alle tilf\u00e6lde&#8221;, og det angives specifikt i standarden, at man kan tilpasse dette. Det giver eksempelvis ikke altid mening, at man som standarden angiver skal starte med et &#8220;\u00e5bningsm\u00f8de&#8221;, og slutte med et &#8220;lukkem\u00f8de&#8221; ved alle former af interne audits. Specielt ikke ved mindre virksomheder.<\/p>\n\n\n\n<figure class=\"wp-block-image size-full is-resized\"><img loading=\"lazy\" decoding=\"async\" width=\"616\" height=\"331\" src=\"https:\/\/seniorconsult.dk\/wp-content\/uploads\/2025\/02\/image-6.png\" alt=\"\" class=\"wp-image-173\" style=\"width:249px;height:auto\" srcset=\"https:\/\/seniorconsult.dk\/wp-content\/uploads\/2025\/02\/image-6.png 616w, https:\/\/seniorconsult.dk\/wp-content\/uploads\/2025\/02\/image-6-300x161.png 300w, https:\/\/seniorconsult.dk\/wp-content\/uploads\/2025\/02\/image-6-500x269.png 500w\" sizes=\"auto, (max-width: 616px) 100vw, 616px\" \/><\/figure>\n\n\n\n<p><\/p>\n","protected":false},"excerpt":{"rendered":"<p>GENERELT: ISO 19011 hedder i sin seneste udgave ISO 19011:2018 &#8220;Guidelines for auditing management systems&#8221;. Denne standard er som angivet ovenfor en vejledning og r\u00e5d omkring hvorledes man auditerer et ISO ledelsessystem, men kan ogs\u00e5 benyttes som r\u00e5d vedr\u00f8rende alle &hellip; <a href=\"https:\/\/seniorconsult.dk\/?page_id=65\">L\u00e6s resten <span class=\"meta-nav\">&rarr;<\/span><\/a><\/p>\n","protected":false},"author":1,"featured_media":0,"parent":0,"menu_order":0,"comment_status":"closed","ping_status":"closed","template":"","meta":{"footnotes":""},"class_list":["post-65","page","type-page","status-publish","hentry"],"jetpack_sharing_enabled":true,"_links":{"self":[{"href":"https:\/\/seniorconsult.dk\/index.php?rest_route=\/wp\/v2\/pages\/65","targetHints":{"allow":["GET"]}}],"collection":[{"href":"https:\/\/seniorconsult.dk\/index.php?rest_route=\/wp\/v2\/pages"}],"about":[{"href":"https:\/\/seniorconsult.dk\/index.php?rest_route=\/wp\/v2\/types\/page"}],"author":[{"embeddable":true,"href":"https:\/\/seniorconsult.dk\/index.php?rest_route=\/wp\/v2\/users\/1"}],"replies":[{"embeddable":true,"href":"https:\/\/seniorconsult.dk\/index.php?rest_route=%2Fwp%2Fv2%2Fcomments&post=65"}],"version-history":[{"count":20,"href":"https:\/\/seniorconsult.dk\/index.php?rest_route=\/wp\/v2\/pages\/65\/revisions"}],"predecessor-version":[{"id":208,"href":"https:\/\/seniorconsult.dk\/index.php?rest_route=\/wp\/v2\/pages\/65\/revisions\/208"}],"wp:attachment":[{"href":"https:\/\/seniorconsult.dk\/index.php?rest_route=%2Fwp%2Fv2%2Fmedia&parent=65"}],"curies":[{"name":"wp","href":"https:\/\/api.w.org\/{rel}","templated":true}]}}